{"id":97,"date":"2025-11-26T21:16:15","date_gmt":"2025-11-26T21:16:15","guid":{"rendered":"http:\/\/chloe-eje-doula.fr\/?page_id=97"},"modified":"2025-12-07T21:00:03","modified_gmt":"2025-12-07T21:00:03","slug":"mes-forfaits-et-tarifs","status":"publish","type":"page","link":"https:\/\/chloe-eje-doula.fr\/index.php\/mes-forfaits-et-tarifs\/","title":{"rendered":"Mes Forfaits et Tarifs"},"content":{"rendered":"\t\t<div data-elementor-type=\"wp-page\" data-elementor-id=\"97\" class=\"elementor elementor-97\">\n\t\t\t\t<div class=\"elementor-element elementor-element-68ac3b1 e-flex e-con-boxed e-con e-parent\" data-id=\"68ac3b1\" data-element_type=\"container\" data-e-type=\"container\" data-settings=\"{&quot;background_background&quot;:&quot;classic&quot;}\">\n\t\t\t\t\t<div class=\"e-con-inner\">\n\t\t<div class=\"elementor-element elementor-element-0fc1f91 e-flex e-con-boxed e-con e-child\" data-id=\"0fc1f91\" data-element_type=\"container\" data-e-type=\"container\">\n\t\t\t\t\t<div class=\"e-con-inner\">\n\t\t\t\t<div class=\"elementor-element elementor-element-4aee9e2 elementor-widget elementor-widget-text-editor\" data-id=\"4aee9e2\" data-element_type=\"widget\" data-e-type=\"widget\" data-widget_type=\"text-editor.default\">\n\t\t\t\t\t\t\t\t\t<h2 style=\"text-align: center;\">Afin de permettre une accessibilit\u00e9 \u00e0 tous, je vous propose diff\u00e9rentes formules et modes de paiement<\/h2>\t\t\t\t\t\t\t\t<\/div>\n\t\t\t\t<div class=\"elementor-element elementor-element-70b4cef elementor-widget elementor-widget-text-editor\" data-id=\"70b4cef\" data-element_type=\"widget\" data-e-type=\"widget\" data-widget_type=\"text-editor.default\">\n\t\t\t\t\t\t\t\t\t<h5 class=\"font_7 wixui-rich-text__text\" style=\"text-align: center;\"><em><span style=\"font-weight: 400;\">Les rendez-vous peuvent avoir lieu \u00e0 votre domicile (Toulouse et ses environs) ou en visio<\/span><\/em><\/h5>\t\t\t\t\t\t\t\t<\/div>\n\t\t\t\t<div class=\"elementor-element elementor-element-9edefa7 elementor-widget__width-inherit elementor-widget elementor-widget-html\" data-id=\"9edefa7\" data-element_type=\"widget\" data-e-type=\"widget\" data-widget_type=\"html.default\">\n\t\t\t\t\t<style>\r\n    \/* 1. Style de base et suppression des couleurs de fond *\/\r\n    .clean-table {\r\n        width: 100%; \r\n        border-collapse: collapse; \/* Supprime les espaces entre les cellules *\/\r\n        border: none;\r\n    }\r\n\r\n    .clean-table th,\r\n    .clean-table td {\r\n        padding: 15px 10px;\r\n        text-align: left;\r\n        border: none;\r\n        font-size: 17px;\r\n    }\r\n\r\n    \/* 2. Style de l'en-t\u00eate (utilise la couleur d'accentuation) *\/\r\n    .clean-table thead tr {\r\n        \/* Utilisez ici la couleur de votre fond d'en-t\u00eate, ex: un rose p\u00e2le\/mauve discret *\/\r\n        background-color: #8B78A7; \/* Lavande tr\u00e8s p\u00e2le (couleur des lignes paires pr\u00e9c\u00e9dentes) *\/\r\n        color: white; \/* Mauve Prune Profond pour le texte *\/\r\n        font-size: 18px;\r\n    }\r\n    \r\n    \/* 3. Lignes de contenu : APPLIQUER LA BORDURE POINTILL\u00c9E *\/\r\n    .clean-table tbody tr td {\r\n        \/* Bordure basse pointill\u00e9e pour s\u00e9parer les lignes *\/\r\n        border-bottom: 1px dotted #A9A9A9; \/* Gris moyen\/fonc\u00e9 pour la discr\u00e9tion *\/\r\n    }\r\n\r\n\r\n    \r\n    \/* Couleur du texte du contenu (Mauve Prune) *\/\r\n    .clean-table tbody td {\r\n        color: #7D669E;\r\n    }\r\n<\/style>\r\n\r\n<table class=\"clean-table\">\r\n    <thead>\r\n        <tr>\r\n            <th>Prestation<\/th>\r\n            <th>Tarif<\/th>\r\n        <\/tr>\r\n    <\/thead>\r\n    <tbody>\r\n        <tr>\r\n            <td><b>Rendez-vous \u00e0 la carte de 1h<\/b><\/td>\r\n            <td>60\u20ac<\/td>\r\n        <\/tr>\r\n        <tr>\r\n            <td><b>Rendez-vous \u00e0 la carte de 1h30<\/b><\/td>\r\n            <td>75\u20ac<\/td>\r\n        <\/tr>\r\n        <tr>\r\n            <td><b>Forfait 4 rendez-vous<\/b> de 1h<\/td>\r\n            <td>220\u20ac<\/td>\r\n        <\/tr>\r\n        <tr>\r\n            <td><b>Forfait 8 rendez-vous<\/b> de 1h<\/td>\r\n            <td>430\u20ac<\/td>\r\n        <\/tr>\r\n        <tr>\r\n            <td><b>Forfait Accouchement<\/b> : astreinte de 3 semaines en bin\u00f4me et pr\u00e9sence lors de l'accouchement<\/td>\r\n            <td>400\u20ac<\/td>\r\n        <\/tr>\r\n        <tr>\r\n            <td><b>Forfait Pr\u00e9paration \u00e0 la parentalit\u00e9<\/b> - 4 s\u00e9ances de 1h<\/td>\r\n            <td>220\u20ac<\/td>\r\n        <\/tr>\r\n        <tr>\r\n            <td><b>Forfait Signe avec b\u00e9b\u00e9<\/b> - 3 s\u00e9ances de 1h<\/td>\r\n            <td>170\u20ac<\/td>\r\n        <\/tr>\r\n    <\/tbody>\r\n<\/table>\t\t\t\t<\/div>\n\t\t\t\t<div class=\"elementor-element elementor-element-c9c90b0 elementor-widget elementor-widget-text-editor\" data-id=\"c9c90b0\" data-element_type=\"widget\" data-e-type=\"widget\" data-widget_type=\"text-editor.default\">\n\t\t\t\t\t\t\t\t\t<h5 style=\"text-align: center;\"><em><span style=\"font-weight: 400;\">Frais Kilom\u00e9trique : gratuits dans un rayon de 20Kms autour de Villeneuve Tolosane, puis 1\u20ac le Km suppl\u00e9mentaire<\/span><\/em><\/h5>\t\t\t\t\t\t\t\t<\/div>\n\t\t\t\t\t<\/div>\n\t\t\t\t<\/div>\n\t\t<div class=\"elementor-element elementor-element-f57e351 e-con-full e-flex e-con e-child\" data-id=\"f57e351\" data-element_type=\"container\" data-e-type=\"container\">\n\t\t\t\t<div class=\"elementor-element elementor-element-7f7fd92 elementor-widget elementor-widget-heading\" data-id=\"7f7fd92\" data-element_type=\"widget\" data-e-type=\"widget\" data-widget_type=\"heading.default\">\n\t\t\t\t\t<h5 class=\"elementor-heading-title elementor-size-default\"><a href=\"mailto:chloe.eje.doula@gmail.com\"><a href=\"#votre-lien-contact\" style=\"text-decoration: none;color: white\">\n    Demander une carte cadeau<br><small style=\"font-style: italic;font-size: 70%\">(id\u00e9ale en cadeau de naissance)<\/small>\n<\/a><\/a><\/h5>\t\t\t\t<\/div>\n\t\t\t\t<div class=\"elementor-element elementor-element-db57f3a elementor-widget elementor-widget-heading\" data-id=\"db57f3a\" data-element_type=\"widget\" data-e-type=\"widget\" data-widget_type=\"heading.default\">\n\t\t\t\t\t<h5 class=\"elementor-heading-title elementor-size-default\"><a href=\"tel:0634491797\" style=\"text-decoration: none;color: white\">\n    Prendre contact avec moi<br><small style=\"font-style: italic;font-size: 70%\">(30min gratuites et sans engagement)<\/small>\n<\/a><\/h5>\t\t\t\t<\/div>\n\t\t\t\t<\/div>\n\t\t\t\t<div class=\"elementor-element elementor-element-3fc1f6a elementor-widget-divider--view-line elementor-widget elementor-widget-divider\" data-id=\"3fc1f6a\" data-element_type=\"widget\" data-e-type=\"widget\" data-widget_type=\"divider.default\">\n\t\t\t\t\t\t\t<div class=\"elementor-divider\">\n\t\t\t<span class=\"elementor-divider-separator\">\n\t\t\t\t\t\t<\/span>\n\t\t<\/div>\n\t\t\t\t\t\t<\/div>\n\t\t<div class=\"elementor-element elementor-element-a95ffb2 e-con-full e-flex e-con e-child\" data-id=\"a95ffb2\" data-element_type=\"container\" data-e-type=\"container\">\n\t\t\t\t<div class=\"elementor-element elementor-element-ae650eb elementor-widget elementor-widget-text-editor\" data-id=\"ae650eb\" data-element_type=\"widget\" data-e-type=\"widget\" data-widget_type=\"text-editor.default\">\n\t\t\t\t\t\t\t\t\t<h5 style=\"text-align: center;\"><span style=\"font-weight: 400;\">L\u2019accompagnement par une doula n\u2019est pas rembours\u00e9 par la s\u00e9curit\u00e9 sociale. En revanche, il s\u2019inscrit dans le cadre du service \u00e0 la personne. <\/span><span style=\"font-weight: 400;\">Je peux donc \u00eatre pay\u00e9e en CESU (Ch\u00e8que emploi service).<\/span><\/h5><h5 style=\"text-align: center;\"><span style=\"font-weight: 400;\">Cela est plus avantageux pour vous apr\u00e8s d\u00e9duction fiscale, mais aussi pour moi, avec le statut de salari\u00e9e<\/span>, me permettant d&#8217;appliquer les tarifs suivants :<\/h5>\t\t\t\t\t\t\t\t<\/div>\n\t\t\t\t<\/div>\n\t\t\t\t<div class=\"elementor-element elementor-element-ee34e40 elementor-widget__width-inherit elementor-widget elementor-widget-html\" data-id=\"ee34e40\" data-element_type=\"widget\" data-e-type=\"widget\" data-widget_type=\"html.default\">\n\t\t\t\t\t<style>\r\n    \/* 1. Style de base et suppression des couleurs de fond *\/\r\n    .clean-table {\r\n        width: 100%; \r\n        border-collapse: collapse; \/* Supprime les espaces entre les cellules *\/\r\n        border: none;\r\n    }\r\n\r\n    .clean-table th,\r\n    .clean-table td {\r\n        padding: 15px 10px;\r\n        text-align: left;\r\n        border: none;\r\n        font-size: 17px;\r\n    }\r\n\r\n    \/* 2. Style de l'en-t\u00eate (utilise la couleur d'accentuation) *\/\r\n    .clean-table thead tr {\r\n        \/* Utilisez ici la couleur de votre fond d'en-t\u00eate, ex: un rose p\u00e2le\/mauve discret *\/\r\n        background-color: #8B78A7; \/* Lavande tr\u00e8s p\u00e2le (couleur des lignes paires pr\u00e9c\u00e9dentes) *\/\r\n        color: white; \/* Mauve Prune Profond pour le texte *\/\r\n        font-size: 18px;\r\n    }\r\n    \r\n    \/* 3. Lignes de contenu : APPLIQUER LA BORDURE POINTILL\u00c9E *\/\r\n    .clean-table tbody tr td {\r\n        \/* Bordure basse pointill\u00e9e pour s\u00e9parer les lignes *\/\r\n        border-bottom: 1px dotted #A9A9A9; \/* Gris moyen\/fonc\u00e9 pour la discr\u00e9tion *\/\r\n    }\r\n\r\n\r\n    \r\n    \/* Couleur du texte du contenu (Mauve Prune) *\/\r\n    .clean-table tbody td {\r\n        color: #7D669E;\r\n    }\r\n<\/style>\r\n\r\n<table class=\"clean-table\">\r\n    <thead>\r\n        <tr>\r\n            <th>Prestation<\/th>\r\n            <th>Tarif<\/th>\r\n        <\/tr>\r\n    <\/thead>\r\n    <tbody>\r\n        <tr>\r\n            <td><b>Rendez-vous \u00e0 la carte de 1h <\/b>pay\u00e9 en CESU<\/td>\r\n            <td>50\u20ac<\/td>\r\n        <\/tr>\r\n        <tr>\r\n            <td><b>Rendez-vous \u00e0 la carte de 1h30<\/b> pay\u00e9 en CESU<\/td>\r\n            <td>65\u20ac<\/td>\r\n        <\/tr>\r\n    <\/tbody>\r\n<\/table>\t\t\t\t<\/div>\n\t\t\t\t<div class=\"elementor-element elementor-element-855b223 elementor-widget elementor-widget-text-editor\" data-id=\"855b223\" data-element_type=\"widget\" data-e-type=\"widget\" data-widget_type=\"text-editor.default\">\n\t\t\t\t\t\t\t\t\t<h5 style=\"text-align: center;\"><em><span style=\"font-weight: 400;\">Exemple de calcul <\/span><span style=\"font-weight: 400;\">: pour <\/span><span style=\"font-weight: 400;\">4 h de rendez-vous \u00e0 50 euros (4&#215;50 = 200\u20ac), apr\u00e8s ajout des cotisations sociales et d\u00e9duction de l\u2019avantage fiscal, vous paierez environ 184\u20ac au lieu du forfait 4 rendez-vous en paiement direct \u00e0 220\u20ac.<\/span><\/em><\/h5><h5 style=\"text-align: center;\"><span style=\"font-weight: 400;\">Pour mieux comprendre, vous pouvez acc\u00e9der au <a href=\"https:\/\/www.cesu.urssaf.fr\/decla\/index.html?page=page_estimer&amp;LANG=FR\">simulateur CESU<\/a> sur le <a href=\"https:\/\/www.cesu.urssaf.fr\/info\/accueil\/utiliser-le-cesu\/le-service-cesu\/le-cesu--quest-ce-que-cest.html\">site internet de l&#8217;urssaf d\u00e9di\u00e9 aux CESU<\/a>.<\/span><\/h5>\t\t\t\t\t\t\t\t<\/div>\n\t\t\t\t\t<\/div>\n\t\t\t\t<\/div>\n\t\t\t\t<\/div>\n\t\t","protected":false},"excerpt":{"rendered":"<p>Afin de permettre une accessibilit\u00e9 \u00e0 tous, je vous propose diff\u00e9rentes formules et modes de paiement Les rendez-vous peuvent avoir lieu \u00e0 votre domicile (Toulouse et ses environs) ou en visio Prestation Tarif Rendez-vous \u00e0 la carte de 1h 60\u20ac Rendez-vous \u00e0 la carte de 1h30 75\u20ac Forfait 4 rendez-vous de 1h 220\u20ac Forfait 8 [&hellip;]<\/p>\n","protected":false},"author":2,"featured_media":0,"parent":0,"menu_order":0,"comment_status":"closed","ping_status":"closed","template":"","meta":{"footnotes":""},"class_list":["post-97","page","type-page","status-publish","hentry"],"_links":{"self":[{"href":"https:\/\/chloe-eje-doula.fr\/index.php\/wp-json\/wp\/v2\/pages\/97","targetHints":{"allow":["GET"]}}],"collection":[{"href":"https:\/\/chloe-eje-doula.fr\/index.php\/wp-json\/wp\/v2\/pages"}],"about":[{"href":"https:\/\/chloe-eje-doula.fr\/index.php\/wp-json\/wp\/v2\/types\/page"}],"author":[{"embeddable":true,"href":"https:\/\/chloe-eje-doula.fr\/index.php\/wp-json\/wp\/v2\/users\/2"}],"replies":[{"embeddable":true,"href":"https:\/\/chloe-eje-doula.fr\/index.php\/wp-json\/wp\/v2\/comments?post=97"}],"version-history":[{"count":31,"href":"https:\/\/chloe-eje-doula.fr\/index.php\/wp-json\/wp\/v2\/pages\/97\/revisions"}],"predecessor-version":[{"id":342,"href":"https:\/\/chloe-eje-doula.fr\/index.php\/wp-json\/wp\/v2\/pages\/97\/revisions\/342"}],"wp:attachment":[{"href":"https:\/\/chloe-eje-doula.fr\/index.php\/wp-json\/wp\/v2\/media?parent=97"}],"curies":[{"name":"wp","href":"https:\/\/api.w.org\/{rel}","templated":true}]}}