{"id":6,"date":"2025-10-15T20:41:45","date_gmt":"2025-10-15T20:41:45","guid":{"rendered":"http:\/\/chloe-eje-doula.fr\/?page_id=6"},"modified":"2025-12-09T22:07:58","modified_gmt":"2025-12-09T22:07:58","slug":"accueil","status":"publish","type":"page","link":"https:\/\/chloe-eje-doula.fr\/","title":{"rendered":"Accueil"},"content":{"rendered":"\t\t<div data-elementor-type=\"wp-page\" data-elementor-id=\"6\" class=\"elementor elementor-6\">\n\t\t\t\t<div class=\"elementor-element elementor-element-undefined-367dd48 e-flex e-con-boxed e-con e-parent\" data-id=\"undefined-367dd48\" data-element_type=\"container\" data-e-type=\"container\" data-settings=\"{&quot;background_background&quot;:&quot;classic&quot;}\">\n\t\t\t\t\t<div class=\"e-con-inner\">\n\t\t<div class=\"elementor-element elementor-element-undefined-dc47e7a e-con-full e-flex e-con e-child\" data-id=\"undefined-dc47e7a\" data-element_type=\"container\" data-e-type=\"container\">\n\t\t\t\t<div class=\"elementor-element elementor-element-7ee1d10 elementor-widget elementor-widget-image\" data-id=\"7ee1d10\" data-element_type=\"widget\" data-e-type=\"widget\" data-widget_type=\"image.default\">\n\t\t\t\t\t\t\t\t\t\t\t\t\t\t\t<img decoding=\"async\" src=\"https:\/\/chloe-eje-doula.fr\/wp-content\/uploads\/elementor\/thumbs\/photo-Chloe-Calvayrac-site-rdxuwf9upqnpu1wsh9z328y40ah0nf2xs6o2zxfu74.png\" title=\"photo Chlo\u00e9 Calvayrac site\" alt=\"photo Chlo\u00e9 Calvayrac site\" loading=\"lazy\" \/>\t\t\t\t\t\t\t\t\t\t\t\t\t\t\t<\/div>\n\t\t\t\t<\/div>\n\t\t<div class=\"elementor-element elementor-element-undefined-616176c e-con-full e-flex e-con e-child\" data-id=\"undefined-616176c\" data-element_type=\"container\" data-e-type=\"container\">\n\t\t\t\t<div class=\"elementor-element elementor-element-931831b elementor-widget elementor-widget-heading\" data-id=\"931831b\" data-element_type=\"widget\" data-e-type=\"widget\" data-widget_type=\"heading.default\">\n\t\t\t\t\t<h2 class=\"elementor-heading-title elementor-size-default\">Sur le chemin de la parentalit\u00e9<\/h2>\t\t\t\t<\/div>\n\t\t\t\t<div class=\"elementor-element elementor-element-8936121 elementor-widget elementor-widget-heading\" data-id=\"8936121\" data-element_type=\"widget\" data-e-type=\"widget\" data-widget_type=\"heading.default\">\n\t\t\t\t\t<h2 class=\"elementor-heading-title elementor-size-default\">\u201cOn ne na\u00eet pas parent, on le devient\u201d<\/h2>\t\t\t\t<\/div>\n\t\t\t\t<div class=\"elementor-element elementor-element-48e5363 elementor-widget elementor-widget-text-editor\" data-id=\"48e5363\" data-element_type=\"widget\" data-e-type=\"widget\" data-widget_type=\"text-editor.default\">\n\t\t\t\t\t\t\t\t\t<p style=\"text-align: center;\"><b>J\u2019accompagne la naissance de la parentalit\u00e9 : un processus lent, long, profond et unique !<br \/><\/b><b>Je vois la p\u00e9rinatalit\u00e9 comme le socle : les fondations de ce processus.\u00a0<\/b><\/p>\t\t\t\t\t\t\t\t<\/div>\n\t\t\t\t<div class=\"elementor-element elementor-element-9e8bff1 elementor-widget elementor-widget-text-editor\" data-id=\"9e8bff1\" data-element_type=\"widget\" data-e-type=\"widget\" data-widget_type=\"text-editor.default\">\n\t\t\t\t\t\t\t\t\t<p><span style=\"font-weight: 400;\">Esp\u00e9rer, attendre, accueillir un enfant et devenir parent sont des \u00e9v\u00e9nements transformateurs et parfois bouleversants.<\/span><\/p><p><span style=\"font-weight: 400;\">Je vous propose<\/span><b>:<\/b><\/p><ul><li style=\"font-weight: 400;\" aria-level=\"1\"><b>Un accompagnement \u00e9motionnel personnalis\u00e9 et adapt\u00e9 \u00e0 vos besoins <\/b><span style=\"font-weight: 400;\">(non th\u00e9rapeuthique et non m\u00e9dical, mais compl\u00e9mentaire \u00e0 ceux-ci)<\/span><\/li><li style=\"font-weight: 400;\" aria-level=\"1\"><span style=\"font-weight: 400;\">Une \u00e9coute bienveillante et empathique<\/span><\/li><li style=\"font-weight: 400;\" aria-level=\"1\"><span style=\"font-weight: 400;\">Un partage de connaissance et d\u2019outils<\/span><\/li><\/ul>\t\t\t\t\t\t\t\t<\/div>\n\t\t\t\t<div class=\"elementor-element elementor-element-8d0b2f7 elementor-widget elementor-widget-text-editor\" data-id=\"8d0b2f7\" data-element_type=\"widget\" data-e-type=\"widget\" data-widget_type=\"text-editor.default\">\n\t\t\t\t\t\t\t\t\t<h2 style=\"text-align: center;\"><strong><span style=\"text-decoration: underline;\">Mon petit plus :<\/span> Une double expertise en p\u00e9rinatalit\u00e9 et d\u00e9veloppement de l\u2019enfant<\/strong><\/h2>\t\t\t\t\t\t\t\t<\/div>\n\t\t\t\t<div class=\"elementor-element elementor-element-3653299 elementor-widget__width-auto elementor-align-center elementor-widget elementor-widget-button\" data-id=\"3653299\" data-element_type=\"widget\" data-e-type=\"widget\" data-widget_type=\"button.default\">\n\t\t\t\t\t\t\t\t\t\t<a class=\"elementor-button elementor-button-link elementor-size-sm\" href=\"https:\/\/chloe-eje-doula.fr\/index.php\/qui-suis-je\/\">\n\t\t\t\t\t\t<span class=\"elementor-button-content-wrapper\">\n\t\t\t\t\t\t\t\t\t<span class=\"elementor-button-text\">En Savoir Plus Sur Moi<\/span>\n\t\t\t\t\t<\/span>\n\t\t\t\t\t<\/a>\n\t\t\t\t\t\t\t\t<\/div>\n\t\t\t\t<\/div>\n\t\t\t\t\t<\/div>\n\t\t\t\t<\/div>\n\t\t<div class=\"elementor-element elementor-element-bec0af3 e-con-full e-flex e-con e-parent\" data-id=\"bec0af3\" data-element_type=\"container\" data-e-type=\"container\" data-settings=\"{&quot;background_background&quot;:&quot;classic&quot;}\">\n\t\t\t\t<div class=\"elementor-element elementor-element-a201871 elementor-widget-divider--view-line elementor-widget elementor-widget-divider\" data-id=\"a201871\" data-element_type=\"widget\" data-e-type=\"widget\" data-widget_type=\"divider.default\">\n\t\t\t\t\t\t\t<div class=\"elementor-divider\">\n\t\t\t<span class=\"elementor-divider-separator\">\n\t\t\t\t\t\t<\/span>\n\t\t<\/div>\n\t\t\t\t\t\t<\/div>\n\t\t\t\t<\/div>\n\t\t<div class=\"elementor-element elementor-element-2e196e7 e-flex e-con-boxed e-con e-parent\" data-id=\"2e196e7\" data-element_type=\"container\" data-e-type=\"container\" data-settings=\"{&quot;background_background&quot;:&quot;classic&quot;}\">\n\t\t\t\t\t<div class=\"e-con-inner\">\n\t\t\t\t<div class=\"elementor-element elementor-element-a9a0091 elementor-widget elementor-widget-heading\" data-id=\"a9a0091\" data-element_type=\"widget\" data-e-type=\"widget\" data-widget_type=\"heading.default\">\n\t\t\t\t\t<h2 class=\"elementor-heading-title elementor-size-default\">Je me d\u00e9place sur Toulouse et ses environs<\/h2>\t\t\t\t<\/div>\n\t\t\t\t<div class=\"elementor-element elementor-element-a9c0a00 elementor-widget elementor-widget-text-editor\" data-id=\"a9c0a00\" data-element_type=\"widget\" data-e-type=\"widget\" data-widget_type=\"text-editor.default\">\n\t\t\t\t\t\t\t\t\t<h2 style=\"text-align: center;\"><strong>Premier \u00e9change t\u00e9l\u00e9phonique de 30 minutes gratuit et sans engagement<\/strong><\/h2>\t\t\t\t\t\t\t\t<\/div>\n\t\t\t\t<div class=\"elementor-element elementor-element-64645ab elementor-widget elementor-widget-text-editor\" data-id=\"64645ab\" data-element_type=\"widget\" data-e-type=\"widget\" data-widget_type=\"text-editor.default\">\n\t\t\t\t\t\t\t\t\t<h5 style=\"text-align: center;\"><span style=\"font-weight: 400;\">Pour vous pr\u00e9senter mon approche, r\u00e9pondre \u00e0 vos questions et voir si cela correspond \u00e0 vos attentes.<\/span><\/h5><h5 style=\"text-align: center;\"><strong>N&#8217;h\u00e9sitez pas !<\/strong><\/h5>\t\t\t\t\t\t\t\t<\/div>\n\t\t\t\t<div class=\"elementor-element elementor-element-a3ab053 elementor-widget__width-auto elementor-align-center elementor-widget elementor-widget-button\" data-id=\"a3ab053\" data-element_type=\"widget\" data-e-type=\"widget\" data-widget_type=\"button.default\">\n\t\t\t\t\t\t\t\t\t\t<a class=\"elementor-button elementor-button-link elementor-size-sm\" href=\"#me-contacter\">\n\t\t\t\t\t\t<span class=\"elementor-button-content-wrapper\">\n\t\t\t\t\t\t\t\t\t<span class=\"elementor-button-text\">Me Contacter<\/span>\n\t\t\t\t\t<\/span>\n\t\t\t\t\t<\/a>\n\t\t\t\t\t\t\t\t<\/div>\n\t\t\t\t\t<\/div>\n\t\t\t\t<\/div>\n\t\t<div class=\"elementor-element elementor-element-5d7624f e-con-full e-flex e-con e-parent\" data-id=\"5d7624f\" data-element_type=\"container\" data-e-type=\"container\" data-settings=\"{&quot;background_background&quot;:&quot;classic&quot;}\">\n\t\t\t\t<div class=\"elementor-element elementor-element-9f6204f elementor-widget-divider--view-line elementor-widget elementor-widget-divider\" data-id=\"9f6204f\" data-element_type=\"widget\" data-e-type=\"widget\" data-widget_type=\"divider.default\">\n\t\t\t\t\t\t\t<div class=\"elementor-divider\">\n\t\t\t<span class=\"elementor-divider-separator\">\n\t\t\t\t\t\t<\/span>\n\t\t<\/div>\n\t\t\t\t\t\t<\/div>\n\t\t\t\t<\/div>\n\t\t<div class=\"elementor-element elementor-element-5e5892a e-flex e-con-boxed e-con e-parent\" data-id=\"5e5892a\" data-element_type=\"container\" data-e-type=\"container\" data-settings=\"{&quot;background_background&quot;:&quot;classic&quot;}\">\n\t\t\t\t\t<div class=\"e-con-inner\">\n\t\t<div class=\"elementor-element elementor-element-91d2744 e-con-full e-flex e-con e-child\" data-id=\"91d2744\" data-element_type=\"container\" data-e-type=\"container\">\n\t\t\t\t<div class=\"elementor-element elementor-element-5a14452 elementor-widget elementor-widget-heading\" data-id=\"5a14452\" data-element_type=\"widget\" data-e-type=\"widget\" data-widget_type=\"heading.default\">\n\t\t\t\t\t<h1 class=\"elementor-heading-title elementor-size-default\">Mes Accompagnements<\/h1>\t\t\t\t<\/div>\n\t\t\t\t<div class=\"elementor-element elementor-element-e84d728 elementor-widget elementor-widget-text-editor\" data-id=\"e84d728\" data-element_type=\"widget\" data-e-type=\"widget\" data-widget_type=\"text-editor.default\">\n\t\t\t\t\t\t\t\t\t<p style=\"text-align: center;\"><strong>Mes accompagnements sont uniques, personnalis\u00e9s et adapt\u00e9s \u00e0 chacun d\u2019entre vous.<\/strong><\/p><p style=\"text-align: center;\"><strong>Un accueil pour tous, seul ou en couple.<\/strong><\/p>\t\t\t\t\t\t\t\t<\/div>\n\t\t\t\t<div class=\"elementor-element elementor-element-a7155d4 elementor-widget elementor-widget-text-editor\" data-id=\"a7155d4\" data-element_type=\"widget\" data-e-type=\"widget\" data-widget_type=\"text-editor.default\">\n\t\t\t\t\t\t\t\t\t<p><span style=\"font-weight: 400;\">A chaque rendez-vous, un accompagnement s\u00e9curisant et chaleureux pour accueillir toutes vos \u00e9motions, vos questionnements, vos doutes, vos difficult\u00e9s, vos joies&#8230;\u00a0<\/span><\/p><p><span style=\"font-weight: 400;\">Je vous accompagne \u00e0 faire vos propres choix, ceux qui vous correspondent et sont justes pour vous.\u00a0<\/span><\/p><p><strong><em>Parce-que vous \u00eates les acteurs principaux de votre histoire de parents.\u00a0<\/em><\/strong><\/p><p><strong><em>Parce-qu&#8217;accueillir, \u00e9couter et accompagner l&#8217;\u00e9motionnel est essentiel, et compl\u00e9mentaire au suivi m\u00e9dical.\u00a0 <\/em><\/strong><\/p>\t\t\t\t\t\t\t\t<\/div>\n\t\t\t\t<div class=\"elementor-element elementor-element-5995d65 elementor-widget__width-auto elementor-align-center elementor-widget elementor-widget-button\" data-id=\"5995d65\" data-element_type=\"widget\" data-e-type=\"widget\" data-widget_type=\"button.default\">\n\t\t\t\t\t\t\t\t\t\t<a class=\"elementor-button elementor-button-link elementor-size-sm\" href=\"https:\/\/chloe-eje-doula.fr\/index.php\/mes-accompagnements\/\">\n\t\t\t\t\t\t<span class=\"elementor-button-content-wrapper\">\n\t\t\t\t\t\t\t\t\t<span class=\"elementor-button-text\">D\u00e9couvrir mon approche<\/span>\n\t\t\t\t\t<\/span>\n\t\t\t\t\t<\/a>\n\t\t\t\t\t\t\t\t<\/div>\n\t\t<div class=\"elementor-element elementor-element-a22e923 e-grid e-con-full e-con e-child\" data-id=\"a22e923\" data-element_type=\"container\" data-e-type=\"container\">\n\t\t\t\t<div class=\"elementor-element elementor-element-18519e6 elementor-widget elementor-widget-image\" data-id=\"18519e6\" data-element_type=\"widget\" data-e-type=\"widget\" data-widget_type=\"image.default\">\n\t\t\t\t\t\t\t\t\t\t\t\t\t\t\t\t<a href=\"https:\/\/chloe-eje-doula.fr\/index.php\/mes-accompagnements\/#mes-accompagnements\">\n\t\t\t\t\t\t\t<img fetchpriority=\"high\" decoding=\"async\" width=\"342\" height=\"346\" src=\"https:\/\/chloe-eje-doula.fr\/wp-content\/uploads\/2025\/11\/Desir-denfant.png\" class=\"attachment-large size-large wp-image-257\" alt=\"\" srcset=\"https:\/\/chloe-eje-doula.fr\/wp-content\/uploads\/2025\/11\/Desir-denfant.png 342w, https:\/\/chloe-eje-doula.fr\/wp-content\/uploads\/2025\/11\/Desir-denfant-297x300.png 297w\" sizes=\"(max-width: 342px) 100vw, 342px\" \/>\t\t\t\t\t\t\t\t<\/a>\n\t\t\t\t\t\t\t\t\t\t\t\t\t\t\t<\/div>\n\t\t\t\t<div class=\"elementor-element elementor-element-3990797 elementor-widget elementor-widget-image\" data-id=\"3990797\" data-element_type=\"widget\" data-e-type=\"widget\" data-widget_type=\"image.default\">\n\t\t\t\t\t\t\t\t\t\t\t\t\t\t\t\t<a href=\"https:\/\/chloe-eje-doula.fr\/index.php\/mes-accompagnements\/#mes-accompagnements\">\n\t\t\t\t\t\t\t<img decoding=\"async\" width=\"340\" height=\"344\" src=\"https:\/\/chloe-eje-doula.fr\/wp-content\/uploads\/2025\/11\/prenatal.png\" class=\"attachment-large size-large wp-image-262\" alt=\"\" srcset=\"https:\/\/chloe-eje-doula.fr\/wp-content\/uploads\/2025\/11\/prenatal.png 340w, https:\/\/chloe-eje-doula.fr\/wp-content\/uploads\/2025\/11\/prenatal-297x300.png 297w\" sizes=\"(max-width: 340px) 100vw, 340px\" \/>\t\t\t\t\t\t\t\t<\/a>\n\t\t\t\t\t\t\t\t\t\t\t\t\t\t\t<\/div>\n\t\t\t\t<div class=\"elementor-element elementor-element-9dfcf55 elementor-widget elementor-widget-image\" data-id=\"9dfcf55\" data-element_type=\"widget\" data-e-type=\"widget\" data-widget_type=\"image.default\">\n\t\t\t\t\t\t\t\t\t\t\t\t\t\t\t\t<a href=\"https:\/\/chloe-eje-doula.fr\/index.php\/mes-accompagnements\/#mes-accompagnements\">\n\t\t\t\t\t\t\t<img decoding=\"async\" width=\"342\" height=\"346\" src=\"https:\/\/chloe-eje-doula.fr\/wp-content\/uploads\/2025\/11\/Naissance.png\" class=\"attachment-large size-large wp-image-260\" alt=\"\" srcset=\"https:\/\/chloe-eje-doula.fr\/wp-content\/uploads\/2025\/11\/Naissance.png 342w, https:\/\/chloe-eje-doula.fr\/wp-content\/uploads\/2025\/11\/Naissance-297x300.png 297w\" sizes=\"(max-width: 342px) 100vw, 342px\" \/>\t\t\t\t\t\t\t\t<\/a>\n\t\t\t\t\t\t\t\t\t\t\t\t\t\t\t<\/div>\n\t\t\t\t<div class=\"elementor-element elementor-element-24fdd76 elementor-widget elementor-widget-image\" data-id=\"24fdd76\" data-element_type=\"widget\" data-e-type=\"widget\" data-widget_type=\"image.default\">\n\t\t\t\t\t\t\t\t\t\t\t\t\t\t\t\t<a href=\"https:\/\/chloe-eje-doula.fr\/index.php\/mes-accompagnements\/#mes-accompagnements\">\n\t\t\t\t\t\t\t<img loading=\"lazy\" decoding=\"async\" width=\"340\" height=\"346\" src=\"https:\/\/chloe-eje-doula.fr\/wp-content\/uploads\/2025\/11\/PostPartum.png\" class=\"attachment-large size-large wp-image-261\" alt=\"\" srcset=\"https:\/\/chloe-eje-doula.fr\/wp-content\/uploads\/2025\/11\/PostPartum.png 340w, https:\/\/chloe-eje-doula.fr\/wp-content\/uploads\/2025\/11\/PostPartum-295x300.png 295w\" sizes=\"(max-width: 340px) 100vw, 340px\" \/>\t\t\t\t\t\t\t\t<\/a>\n\t\t\t\t\t\t\t\t\t\t\t\t\t\t\t<\/div>\n\t\t\t\t<div class=\"elementor-element elementor-element-0918a16 elementor-widget elementor-widget-image\" data-id=\"0918a16\" data-element_type=\"widget\" data-e-type=\"widget\" data-widget_type=\"image.default\">\n\t\t\t\t\t\t\t\t\t\t\t\t\t\t\t\t<a href=\"https:\/\/chloe-eje-doula.fr\/index.php\/mes-accompagnements\/#mes-accompagnements\">\n\t\t\t\t\t\t\t<img loading=\"lazy\" decoding=\"async\" width=\"340\" height=\"344\" src=\"https:\/\/chloe-eje-doula.fr\/wp-content\/uploads\/2025\/11\/Deuil.png\" class=\"attachment-large size-large wp-image-258\" alt=\"\" srcset=\"https:\/\/chloe-eje-doula.fr\/wp-content\/uploads\/2025\/11\/Deuil.png 340w, https:\/\/chloe-eje-doula.fr\/wp-content\/uploads\/2025\/11\/Deuil-297x300.png 297w\" sizes=\"(max-width: 340px) 100vw, 340px\" \/>\t\t\t\t\t\t\t\t<\/a>\n\t\t\t\t\t\t\t\t\t\t\t\t\t\t\t<\/div>\n\t\t\t\t<div class=\"elementor-element elementor-element-3788e87 elementor-widget elementor-widget-image\" data-id=\"3788e87\" data-element_type=\"widget\" data-e-type=\"widget\" data-widget_type=\"image.default\">\n\t\t\t\t\t\t\t\t\t\t\t\t\t\t\t\t<a href=\"https:\/\/chloe-eje-doula.fr\/index.php\/mes-accompagnements\/#mes-accompagnements\">\n\t\t\t\t\t\t\t<img loading=\"lazy\" decoding=\"async\" width=\"338\" height=\"346\" src=\"https:\/\/chloe-eje-doula.fr\/wp-content\/uploads\/2025\/11\/Preparentalite.png\" class=\"attachment-large size-large wp-image-263\" alt=\"\" srcset=\"https:\/\/chloe-eje-doula.fr\/wp-content\/uploads\/2025\/11\/Preparentalite.png 338w, https:\/\/chloe-eje-doula.fr\/wp-content\/uploads\/2025\/11\/Preparentalite-293x300.png 293w\" sizes=\"(max-width: 338px) 100vw, 338px\" \/>\t\t\t\t\t\t\t\t<\/a>\n\t\t\t\t\t\t\t\t\t\t\t\t\t\t\t<\/div>\n\t\t\t\t<div class=\"elementor-element elementor-element-59e45a4 elementor-widget elementor-widget-image\" data-id=\"59e45a4\" data-element_type=\"widget\" data-e-type=\"widget\" data-widget_type=\"image.default\">\n\t\t\t\t\t\t\t\t\t\t\t\t\t\t\t\t<a href=\"https:\/\/chloe-eje-doula.fr\/index.php\/mes-accompagnements\/#mes-accompagnements\">\n\t\t\t\t\t\t\t<img loading=\"lazy\" decoding=\"async\" width=\"340\" height=\"346\" src=\"https:\/\/chloe-eje-doula.fr\/wp-content\/uploads\/2025\/11\/Accomparentalite.png\" class=\"attachment-large size-large wp-image-256\" alt=\"\" srcset=\"https:\/\/chloe-eje-doula.fr\/wp-content\/uploads\/2025\/11\/Accomparentalite.png 340w, https:\/\/chloe-eje-doula.fr\/wp-content\/uploads\/2025\/11\/Accomparentalite-295x300.png 295w\" sizes=\"(max-width: 340px) 100vw, 340px\" \/>\t\t\t\t\t\t\t\t<\/a>\n\t\t\t\t\t\t\t\t\t\t\t\t\t\t\t<\/div>\n\t\t\t\t<div class=\"elementor-element elementor-element-c498389 elementor-widget elementor-widget-image\" data-id=\"c498389\" data-element_type=\"widget\" data-e-type=\"widget\" data-widget_type=\"image.default\">\n\t\t\t\t\t\t\t\t\t\t\t\t\t\t\t\t<a href=\"https:\/\/chloe-eje-doula.fr\/index.php\/mes-accompagnements\/#mes-accompagnements\">\n\t\t\t\t\t\t\t<img loading=\"lazy\" decoding=\"async\" width=\"340\" height=\"350\" src=\"https:\/\/chloe-eje-doula.fr\/wp-content\/uploads\/2025\/11\/Langue-signes.png\" class=\"attachment-large size-large wp-image-259\" alt=\"\" srcset=\"https:\/\/chloe-eje-doula.fr\/wp-content\/uploads\/2025\/11\/Langue-signes.png 340w, https:\/\/chloe-eje-doula.fr\/wp-content\/uploads\/2025\/11\/Langue-signes-291x300.png 291w\" sizes=\"(max-width: 340px) 100vw, 340px\" \/>\t\t\t\t\t\t\t\t<\/a>\n\t\t\t\t\t\t\t\t\t\t\t\t\t\t\t<\/div>\n\t\t\t\t<\/div>\n\t\t\t\t<\/div>\n\t\t\t\t\t<\/div>\n\t\t\t\t<\/div>\n\t\t<div class=\"elementor-element elementor-element-f1d2daf e-con-full e-flex e-con e-parent\" data-id=\"f1d2daf\" data-element_type=\"container\" data-e-type=\"container\" data-settings=\"{&quot;background_background&quot;:&quot;classic&quot;}\">\n\t\t\t\t<div class=\"elementor-element elementor-element-3f63b6d elementor-widget-divider--view-line elementor-widget elementor-widget-divider\" data-id=\"3f63b6d\" data-element_type=\"widget\" data-e-type=\"widget\" data-widget_type=\"divider.default\">\n\t\t\t\t\t\t\t<div class=\"elementor-divider\">\n\t\t\t<span class=\"elementor-divider-separator\">\n\t\t\t\t\t\t<\/span>\n\t\t<\/div>\n\t\t\t\t\t\t<\/div>\n\t\t\t\t<\/div>\n\t\t<div class=\"elementor-element elementor-element-e3aa33f e-flex e-con-boxed e-con e-parent\" data-id=\"e3aa33f\" data-element_type=\"container\" data-e-type=\"container\" data-settings=\"{&quot;background_background&quot;:&quot;classic&quot;}\">\n\t\t\t\t\t<div class=\"e-con-inner\">\n\t\t<div class=\"elementor-element elementor-element-a0080bc e-con-full e-flex e-con e-child\" data-id=\"a0080bc\" data-element_type=\"container\" data-e-type=\"container\">\n\t\t\t\t<div class=\"elementor-element elementor-element-d146b57 elementor-widget elementor-widget-heading\" data-id=\"d146b57\" data-element_type=\"widget\" data-e-type=\"widget\" data-widget_type=\"heading.default\">\n\t\t\t\t\t<h1 class=\"elementor-heading-title elementor-size-default\">Mes Tarifs<\/h1>\t\t\t\t<\/div>\n\t\t\t\t<div class=\"elementor-element elementor-element-1314a81 elementor-widget elementor-widget-text-editor\" data-id=\"1314a81\" data-element_type=\"widget\" data-e-type=\"widget\" data-widget_type=\"text-editor.default\">\n\t\t\t\t\t\t\t\t\t<p><strong>Afin de vous permettre de trouver la formule qui vous convienne et de permettre une accessibilit\u00e9 \u00e0 tous, je vous propose :<\/strong><\/p><ul><li><span style=\"font-weight: 400;\">Des forfaits,\u00a0<\/span><\/li><li><span style=\"font-weight: 400;\">Des facilit\u00e9s de paiement,\u00a0<\/span><\/li><li><span style=\"font-weight: 400;\">L\u2019utilisation des CESU,<\/span><\/li><li><span style=\"font-weight: 400;\">Des cartes cadeaux \u00e0 offrir, car prendre soin des parents c\u2019est un tr\u00e8s beau cadeau de naissance<\/span><\/li><\/ul>\t\t\t\t\t\t\t\t<\/div>\n\t\t\t\t<div class=\"elementor-element elementor-element-c5816f5 elementor-widget__width-auto elementor-align-center elementor-widget elementor-widget-button\" data-id=\"c5816f5\" data-element_type=\"widget\" data-e-type=\"widget\" data-widget_type=\"button.default\">\n\t\t\t\t\t\t\t\t\t\t<a class=\"elementor-button elementor-button-link elementor-size-sm\" href=\"https:\/\/chloe-eje-doula.fr\/index.php\/mes-forfaits-et-tarifs\/\">\n\t\t\t\t\t\t<span class=\"elementor-button-content-wrapper\">\n\t\t\t\t\t\t\t\t\t<span class=\"elementor-button-text\">D\u00e9couvrir mes forfaits et tarifs<\/span>\n\t\t\t\t\t<\/span>\n\t\t\t\t\t<\/a>\n\t\t\t\t\t\t\t\t<\/div>\n\t\t\t\t<\/div>\n\t\t\t\t\t<\/div>\n\t\t\t\t<\/div>\n\t\t<div class=\"elementor-element elementor-element-be84d19 e-con-full e-flex e-con e-parent\" data-id=\"be84d19\" data-element_type=\"container\" data-e-type=\"container\" data-settings=\"{&quot;background_background&quot;:&quot;classic&quot;}\">\n\t\t\t\t<div class=\"elementor-element elementor-element-54c9631 elementor-widget-divider--view-line elementor-widget elementor-widget-divider\" data-id=\"54c9631\" data-element_type=\"widget\" data-e-type=\"widget\" data-widget_type=\"divider.default\">\n\t\t\t\t\t\t\t<div class=\"elementor-divider\">\n\t\t\t<span class=\"elementor-divider-separator\">\n\t\t\t\t\t\t<\/span>\n\t\t<\/div>\n\t\t\t\t\t\t<\/div>\n\t\t\t\t<\/div>\n\t\t\t\t<\/div>\n\t\t","protected":false},"excerpt":{"rendered":"<p>Sur le chemin de la parentalit\u00e9 \u201cOn ne na\u00eet pas parent, on le devient\u201d J\u2019accompagne la naissance de la parentalit\u00e9 : un processus lent, long, profond et unique !Je vois la p\u00e9rinatalit\u00e9 comme le socle : les fondations de ce processus.\u00a0 Esp\u00e9rer, attendre, accueillir un enfant et devenir parent sont des \u00e9v\u00e9nements transformateurs et parfois [&hellip;]<\/p>\n","protected":false},"author":2,"featured_media":0,"parent":0,"menu_order":0,"comment_status":"closed","ping_status":"closed","template":"","meta":{"footnotes":""},"class_list":["post-6","page","type-page","status-publish","hentry"],"_links":{"self":[{"href":"https:\/\/chloe-eje-doula.fr\/index.php\/wp-json\/wp\/v2\/pages\/6","targetHints":{"allow":["GET"]}}],"collection":[{"href":"https:\/\/chloe-eje-doula.fr\/index.php\/wp-json\/wp\/v2\/pages"}],"about":[{"href":"https:\/\/chloe-eje-doula.fr\/index.php\/wp-json\/wp\/v2\/types\/page"}],"author":[{"embeddable":true,"href":"https:\/\/chloe-eje-doula.fr\/index.php\/wp-json\/wp\/v2\/users\/2"}],"replies":[{"embeddable":true,"href":"https:\/\/chloe-eje-doula.fr\/index.php\/wp-json\/wp\/v2\/comments?post=6"}],"version-history":[{"count":46,"href":"https:\/\/chloe-eje-doula.fr\/index.php\/wp-json\/wp\/v2\/pages\/6\/revisions"}],"predecessor-version":[{"id":384,"href":"https:\/\/chloe-eje-doula.fr\/index.php\/wp-json\/wp\/v2\/pages\/6\/revisions\/384"}],"wp:attachment":[{"href":"https:\/\/chloe-eje-doula.fr\/index.php\/wp-json\/wp\/v2\/media?parent=6"}],"curies":[{"name":"wp","href":"https:\/\/api.w.org\/{rel}","templated":true}]}}