{"id":451,"date":"2025-12-23T21:59:25","date_gmt":"2025-12-23T21:59:25","guid":{"rendered":"https:\/\/chloe-eje-doula.fr\/?page_id=451"},"modified":"2025-12-23T22:12:54","modified_gmt":"2025-12-23T22:12:54","slug":"cgv-et-mentions-legales","status":"publish","type":"page","link":"https:\/\/chloe-eje-doula.fr\/index.php\/cgv-et-mentions-legales\/","title":{"rendered":"Mentions l\u00e9gales"},"content":{"rendered":"\t\t<div data-elementor-type=\"wp-page\" data-elementor-id=\"451\" class=\"elementor elementor-451\">\n\t\t\t\t<div class=\"elementor-element elementor-element-b95009c e-con-full e-flex e-con e-parent\" data-id=\"b95009c\" data-element_type=\"container\" data-e-type=\"container\">\n\t\t<div class=\"elementor-element elementor-element-7f83f59 e-con-full e-flex e-con e-child\" data-id=\"7f83f59\" data-element_type=\"container\" data-e-type=\"container\" data-settings=\"{&quot;background_background&quot;:&quot;classic&quot;}\">\n\t\t\t\t<div class=\"elementor-element elementor-element-34e52e8 elementor-widget-divider--view-line elementor-widget elementor-widget-divider\" data-id=\"34e52e8\" data-element_type=\"widget\" data-e-type=\"widget\" data-widget_type=\"divider.default\">\n\t\t\t\t\t\t\t<div class=\"elementor-divider\">\n\t\t\t<span class=\"elementor-divider-separator\">\n\t\t\t\t\t\t<\/span>\n\t\t<\/div>\n\t\t\t\t\t\t<\/div>\n\t\t<div class=\"elementor-element elementor-element-4d2d046 e-con-full e-flex e-con e-child\" data-id=\"4d2d046\" data-element_type=\"container\" data-e-type=\"container\">\n\t\t<div class=\"elementor-element elementor-element-b0ab0d6 e-con-full e-flex e-con e-child\" data-id=\"b0ab0d6\" data-element_type=\"container\" data-e-type=\"container\">\n\t\t\t\t<div class=\"elementor-element elementor-element-ab1fb0a elementor-widget elementor-widget-heading\" data-id=\"ab1fb0a\" data-element_type=\"widget\" data-e-type=\"widget\" data-widget_type=\"heading.default\">\n\t\t\t\t\t<h1 class=\"elementor-heading-title elementor-size-default\">Mentions L\u00e9gales<\/h1>\t\t\t\t<\/div>\n\t\t\t\t<div class=\"elementor-element elementor-element-bea9714 elementor-widget elementor-widget-text-editor\" data-id=\"bea9714\" data-element_type=\"widget\" data-e-type=\"widget\" data-widget_type=\"text-editor.default\">\n\t\t\t\t\t\t\t\t\t<p><b>Editeur du site et directeur de publication : Chlo\u00e9 Calvayrac<\/b><span style=\"font-weight: 400;\">\u00a0<\/span><\/p>\n<ul>\n<li style=\"font-weight: 400;\" aria-level=\"1\"><span style=\"font-weight: 400;\">Nom commercial : Chlo\u00e9.eje.doula<\/span><\/li>\n<li style=\"font-weight: 400;\" aria-level=\"1\"><span style=\"font-weight: 400;\">Statut juridique : Entreprise Individuelle<\/span><\/li>\n<li style=\"font-weight: 400;\" aria-level=\"1\"><span style=\"font-weight: 400;\">SIRET : <\/span><span style=\"font-weight: 400;\">99038591600012<\/span><\/li>\n<li style=\"font-weight: 400;\" aria-level=\"1\"><span style=\"font-weight: 400;\">Code APE: 9609Z<\/span><\/li>\n<li style=\"font-weight: 400;\" aria-level=\"1\"><span style=\"font-weight: 400;\">Adresse : 3 Impasse des flamants 31270 Villeneuve Tolosane &#8211; France<\/span><\/li>\n<li style=\"font-weight: 400;\" aria-level=\"1\"><span style=\"font-weight: 400;\">Contact : <\/span><span style=\"font-weight: 400;\">chloe.eje.doula@gmail.com<\/span><span style=\"font-weight: 400;\"> \/ 06.34.49.17.97<\/span><\/li>\n<\/ul>\n<p>\u00a0<\/p>\n<p><b>H\u00e9bergeur du site<\/b><\/p>\n<ul>\n<li style=\"font-weight: 400;\" aria-level=\"1\"><span style=\"font-weight: 400;\">Nom de l\u2019h\u00e9bergeur : OVH SAS<\/span><\/li>\n<li style=\"font-weight: 400;\" aria-level=\"1\"><span style=\"font-weight: 400;\">Adresse : 2 rue Kellermann, 59100 Roubaix &#8211; France<\/span><\/li>\n<li style=\"font-weight: 400;\" aria-level=\"1\"><span style=\"font-weight: 400;\">Site web : www.ovhcloud.com\/fr\/<\/span><\/li>\n<\/ul>\n<p>\u00a0<\/p>\n<p><b>M\u00e9diation<\/b><\/p>\n<p><span style=\"font-weight: 400;\">Conform\u00e9ment aux articles L.616-1 et R.616-1 du code de la consommation, un dispositif de m\u00e9diation de la consommation est disponible. En cas de litige, vous pouvez d\u00e9poser une r\u00e9clamation.<br \/><\/span>L\u2019entit\u00e9 de m\u00e9diation retenue :<\/p>\n<ul>\n<li>La Soci\u00e9t\u00e9 M\u00e9diation Professionnelle<\/li>\n<li>http:\/\/www.mediateur-consommation-smp.fr<\/li>\n<li>Alteritae 5 rue Salvaing 12000 Rodez<\/li>\n<\/ul>\n<p>\u00a0<\/p>\n<p><b>Nature de l&#8217;Accompagnement et Limites<\/b><\/p>\n<p><span style=\"font-weight: 400;\">Chlo\u00e9 Calvayrac intervient en tant que Doula, Accompagnante P\u00e9rinatale et EJE (Educatrice de Jeunes Enfant), Accompagnante Parentale. Mes prestations rel\u00e8vent du <\/span><b>soutien \u00e9motionnel, de l&#8217;\u00e9coute, de l&#8217;information et de l&#8217;orientation<\/b><span style=\"font-weight: 400;\">.<\/span><\/p>\n<p>\u00a0<\/p>\n<p><b>Clarification des Limites Professionnelles :<\/b><\/p>\n<ul>\n<li style=\"font-weight: 400;\" aria-level=\"1\"><b>Non-M\u00e9dical :<\/b><span style=\"font-weight: 400;\"> Mes services ne constituent <\/span><b>en aucun cas<\/b><span style=\"font-weight: 400;\"> des actes m\u00e9dicaux, th\u00e9rapeutiques ou param\u00e9dicaux. Je ne suis pas habilit\u00e9e \u00e0 poser de diagnostic, \u00e0 effectuer des examens cliniques, \u00e0 prescrire ou \u00e0 modifier un traitement ou un suivi m\u00e9dical.<\/span><\/li>\n<li style=\"font-weight: 400;\" aria-level=\"1\"><b>Compl\u00e9mentarit\u00e9 :<\/b><span style=\"font-weight: 400;\"> L&#8217;accompagnement propos\u00e9 est <\/span><b>compl\u00e9mentaire<\/b><span style=\"font-weight: 400;\"> au suivi m\u00e9dical obligatoire de la grossesse, de l&#8217;accouchement et de l&#8217;enfant (sage-femme, obst\u00e9tricien, p\u00e9diatre, m\u00e9decin g\u00e9n\u00e9raliste, etc.).<\/span><\/li>\n<li style=\"font-weight: 400;\" aria-level=\"1\"><b>Non-Th\u00e9rapeutique :<\/b><span style=\"font-weight: 400;\"> En cas de d\u00e9tresse psychologique av\u00e9r\u00e9e, de trouble psychiatrique ou de besoin de psychoth\u00e9rapie, je m&#8217;engage \u00e0 orienter les personnes vers un professionnel de sant\u00e9 mentale comp\u00e9tent (psychologue, psychiatre).<\/span><\/li>\n<li style=\"font-weight: 400;\" aria-level=\"1\"><b>Responsabilit\u00e9 :<\/b><span style=\"font-weight: 400;\"> L&#8217;accompagnement s&#8217;inscrit dans une d\u00e9marche de bien-\u00eatre et de soutien \u00e0 l&#8217;autonomie. Chaque parent et personne accompagn\u00e9e <\/span><b>reste seul(e) responsable<\/b><span style=\"font-weight: 400;\"> de ses choix et de ses d\u00e9cisions concernant sa sant\u00e9, celle de son enfant et l&#8217;\u00e9ducation de ce dernier.<\/span><\/li>\n<\/ul>\n<p>\u00a0<\/p>\n<p><b>Propri\u00e9t\u00e9 intellectuelle:<\/b><\/p>\n<p><span style=\"font-weight: 400;\">L&#8217;ensemble du contenu pr\u00e9sent sur ce site (les articles, textes, photographies, illustrations, graphiques, logos, et tout autre mat\u00e9riel) est la <\/span><b>propri\u00e9t\u00e9 exclusive de Chlo\u00e9 Calvayrac EI<\/b><span style=\"font-weight: 400;\">, et est prot\u00e9g\u00e9 par les lois fran\u00e7aises et internationales relatives au droit d&#8217;auteur et \u00e0 la propri\u00e9t\u00e9 intellectuelle.<\/span><\/p>\n<p><span style=\"font-weight: 400;\">Toute reproduction, distribution, modification, adaptation, retransmission ou publication, m\u00eame partielle, de ces diff\u00e9rents \u00e9l\u00e9ments est <\/span><b>strictement interdite<\/b><span style=\"font-weight: 400;\"> sans l&#8217;accord \u00e9crit expr\u00e8s de Chlo\u00e9 Calvayrac. Le non-respect de cette interdiction constitue une contrefa\u00e7on pouvant engager la responsabilit\u00e9 civile et p\u00e9nale du contrefacteur.<\/span><\/p>\t\t\t\t\t\t\t\t<\/div>\n\t\t\t\t<\/div>\n\t\t\t\t<\/div>\n\t\t<div class=\"elementor-element elementor-element-0f856ce e-con-full elementor-hidden-tablet elementor-hidden-mobile e-flex e-con e-child\" data-id=\"0f856ce\" data-element_type=\"container\" data-e-type=\"container\">\n\t\t<div class=\"elementor-element elementor-element-1de4689 e-con-full e-flex e-con e-child\" data-id=\"1de4689\" data-element_type=\"container\" data-e-type=\"container\">\n\t\t\t\t<div class=\"elementor-element elementor-element-acaa017 elementor-widget elementor-widget-heading\" data-id=\"acaa017\" data-element_type=\"widget\" data-e-type=\"widget\" data-widget_type=\"heading.default\">\n\t\t\t\t\t<h1 class=\"elementor-heading-title elementor-size-default\">Politique de Confidentialit\u00e9 (RGPD)<\/h1>\t\t\t\t<\/div>\n\t\t\t\t<div class=\"elementor-element elementor-element-ff815e9 elementor-widget elementor-widget-text-editor\" data-id=\"ff815e9\" data-element_type=\"widget\" data-e-type=\"widget\" data-widget_type=\"text-editor.default\">\n\t\t\t\t\t\t\t\t\t<p><b>Introduction :<\/b><\/p>\n<p><span style=\"font-weight: 400;\">La pr\u00e9sente Politique de confidentialit\u00e9 s\u2019applique au site internet de Chlo\u00e9 Calvayrac accessible \u00e0 l\u2019adresse : <\/span><a href=\"http:\/\/chloe.eje.doula.fr\"><span style=\"font-weight: 400;\">chloe.eje.doula.fr<\/span><\/a><span style=\"font-weight: 400;\">, conform\u00e9ment au <\/span><b>R\u00e8glement G\u00e9n\u00e9ral sur la Protection des Donn\u00e9es (RGPD)<\/b><span style=\"font-weight: 400;\">.<\/span><\/p>\n<p>\u00a0<\/p>\n<p><b>Responsable du Traitement :<\/b><\/p>\n<p><span style=\"font-weight: 400;\">Le responsable du traitement des donn\u00e9es personnelles collect\u00e9es via ce site est :<\/span><\/p>\n<ul>\n<li style=\"font-weight: 400;\" aria-level=\"1\"><b>Nom :<\/b><span style=\"font-weight: 400;\"> Chlo\u00e9 Calvayrac EI<\/span><\/li>\n<li style=\"font-weight: 400;\" aria-level=\"1\"><b>Activit\u00e9 :<\/b><span style=\"font-weight: 400;\"> Doula, EJE, accompagnante p\u00e9rinatale et parentale<\/span><\/li>\n<li style=\"font-weight: 400;\" aria-level=\"1\"><b>Contact :<\/b><span style=\"font-weight: 400;\"> chloe.eje.doula@gmail.com<\/span><\/li>\n<\/ul>\n<p>\u00a0<\/p>\n<p><b>Donn\u00e9es Collect\u00e9es et Finalit\u00e9s du Traitement :<\/b><\/p>\n<p><span style=\"font-weight: 400;\">Notre site collecte des donn\u00e9es personnelles <\/span><i><span style=\"font-weight: 400;\">uniquement<\/span><\/i><span style=\"font-weight: 400;\"> lorsque vous nous les fournissez volontairement.<\/span><\/p>\n<p><b><br \/>Donn\u00e9es de Contact Direct :<\/b><\/p>\n<ul>\n<li style=\"font-weight: 400;\" aria-level=\"1\"><b>Nature des donn\u00e9es :<\/b><span style=\"font-weight: 400;\"> Nom, pr\u00e9nom, adresse e-mail, num\u00e9ro de t\u00e9l\u00e9phone, et tout autre renseignement que vous choisissez d&#8217;inclure dans votre message ou votre appel.<\/span><\/li>\n<\/ul>\n<p><b><br \/>Liens Externes (R\u00e9seaux Sociaux, Sites tiers) :<\/b><\/p>\n<p><span style=\"font-weight: 400;\">Notre site contient un lien vers notre compte Instagram Chloe.eje.doula. En cliquant sur ce lien, vous quittez notre site et \u00eates redirig\u00e9 vers la plateforme du r\u00e9seau social qui a sa<\/span><b>\u00a0propre politique de confidentialit\u00e9<\/b><span style=\"font-weight: 400;\">, dont nous ne sommes pas responsables.\u00a0<\/span><\/p>\n<p><span style=\"font-weight: 400;\">Les pages de notre site peuvent inclure des contenus int\u00e9gr\u00e9s depuis d\u2019autres sites (par exemple des vid\u00e9os, images, articles\u2026). Ces sites web utilisent leurs propres politiques de confidentialit\u00e9 et traitement des donn\u00e9es.\u00a0<\/span><\/p>\n<p><b><br \/>Cookies et Traceurs :<\/b><\/p>\n<ul>\n<li style=\"font-weight: 400;\" aria-level=\"1\"><span style=\"font-weight: 400;\">Nous n&#8217;utilisons aucun cookie tiers de suivi ou de marketing (Google Analytics, boutons de partage de r\u00e9seaux sociaux, pixels de suivi, vid\u00e9os YouTube int\u00e9gr\u00e9es).<\/span><\/li>\n<li style=\"font-weight: 400;\" aria-level=\"1\"><span style=\"font-weight: 400;\">Notre site utilise uniquement des cookies strictement n\u00e9cessaires (cookies fonctionnels et de s\u00e9curit\u00e9).<\/span><\/li>\n<li style=\"font-weight: 400;\" aria-level=\"1\"><span style=\"font-weight: 400;\">Ces cookies servent \u00e0 des fins techniques et de s\u00e9curit\u00e9.<\/span><\/li>\n<li style=\"font-weight: 400;\" aria-level=\"1\"><span style=\"font-weight: 400;\">Conform\u00e9ment aux directives de la CNIL, ces cookies strictement n\u00e9cessaires sont exempt\u00e9s de consentement et ne requi\u00e8rent pas l&#8217;affichage d&#8217;une banni\u00e8re de consentement.<\/span><\/li>\n<\/ul>\n<p><b><br \/>Dur\u00e9e de Conservation des Donn\u00e9es :<\/b><\/p>\n<ul>\n<li style=\"font-weight: 400;\" aria-level=\"1\"><b>Donn\u00e9es de contact direct : <\/b><span style=\"font-weight: 400;\">vos donn\u00e9es sont conserv\u00e9es pour une dur\u00e9e limit\u00e9e de 3 ans apr\u00e8s le dernier \u00e9change pour des raisons de suivi.<\/span><\/li>\n<li style=\"font-weight: 400;\" aria-level=\"1\"><span style=\"font-weight: 400;\">Les donn\u00e9es de facturation et de transaction sont conserv\u00e9es pour la dur\u00e9e l\u00e9gale applicable de 10 ans.<\/span><\/li>\n<\/ul>\n<p><b><br \/>Droits des utilisateurs :<\/b><\/p>\n<p><span style=\"font-weight: 400;\">Conform\u00e9ment au R\u00e8glement G\u00e9n\u00e9ral sur la Protection des Donn\u00e9es (RGPD), vous disposez des droits suivants concernant vos donn\u00e9es personnelles :<\/span><\/p>\n<ul>\n<li style=\"font-weight: 400;\" aria-level=\"1\"><span style=\"font-weight: 400;\">Droit d&#8217;acc\u00e8s, de rectification et de suppression de vos donn\u00e9es.<\/span><\/li>\n<li style=\"font-weight: 400;\" aria-level=\"1\"><span style=\"font-weight: 400;\">Droit \u00e0 la limitation du traitement.<\/span><\/li>\n<li style=\"font-weight: 400;\" aria-level=\"1\"><span style=\"font-weight: 400;\">Droit d&#8217;opposition au traitement.<\/span><\/li>\n<li style=\"font-weight: 400;\" aria-level=\"1\"><span style=\"font-weight: 400;\">Droit \u00e0 la portabilit\u00e9 des donn\u00e9es.<\/span><\/li>\n<\/ul>\n<p><span style=\"font-weight: 400;\">Pour exercer ces droits, veuillez contacter le responsable du traitement \u00e0 l&#8217;adresse chloe.eje.doula@gmail.com. En cas de litige, vous avez le droit d&#8217;introduire une r\u00e9clamation aupr\u00e8s de la CNIL (<\/span><span style=\"font-weight: 400;\">Commission Nationale de l&#8217;Informatique et des Libert\u00e9s).<\/span><\/p>\t\t\t\t\t\t\t\t<\/div>\n\t\t\t\t<\/div>\n\t\t\t\t<\/div>\n\t\t\t\t<\/div>\n\t\t\t\t<\/div>\n\t\t\t\t<\/div>\n\t\t","protected":false},"excerpt":{"rendered":"<p>Mentions L\u00e9gales Editeur du site et directeur de publication : Chlo\u00e9 Calvayrac\u00a0 Nom commercial : Chlo\u00e9.eje.doula Statut juridique : Entreprise Individuelle SIRET : 99038591600012 Code APE: 9609Z Adresse : 3 Impasse des flamants 31270 Villeneuve Tolosane &#8211; France Contact : chloe.eje.doula@gmail.com \/ 06.34.49.17.97 \u00a0 H\u00e9bergeur du site Nom de l\u2019h\u00e9bergeur : OVH SAS Adresse : [&hellip;]<\/p>\n","protected":false},"author":2,"featured_media":0,"parent":0,"menu_order":0,"comment_status":"closed","ping_status":"closed","template":"","meta":{"footnotes":""},"class_list":["post-451","page","type-page","status-publish","hentry"],"_links":{"self":[{"href":"https:\/\/chloe-eje-doula.fr\/index.php\/wp-json\/wp\/v2\/pages\/451","targetHints":{"allow":["GET"]}}],"collection":[{"href":"https:\/\/chloe-eje-doula.fr\/index.php\/wp-json\/wp\/v2\/pages"}],"about":[{"href":"https:\/\/chloe-eje-doula.fr\/index.php\/wp-json\/wp\/v2\/types\/page"}],"author":[{"embeddable":true,"href":"https:\/\/chloe-eje-doula.fr\/index.php\/wp-json\/wp\/v2\/users\/2"}],"replies":[{"embeddable":true,"href":"https:\/\/chloe-eje-doula.fr\/index.php\/wp-json\/wp\/v2\/comments?post=451"}],"version-history":[{"count":14,"href":"https:\/\/chloe-eje-doula.fr\/index.php\/wp-json\/wp\/v2\/pages\/451\/revisions"}],"predecessor-version":[{"id":469,"href":"https:\/\/chloe-eje-doula.fr\/index.php\/wp-json\/wp\/v2\/pages\/451\/revisions\/469"}],"wp:attachment":[{"href":"https:\/\/chloe-eje-doula.fr\/index.php\/wp-json\/wp\/v2\/media?parent=451"}],"curies":[{"name":"wp","href":"https:\/\/api.w.org\/{rel}","templated":true}]}}