{"id":109,"date":"2025-11-18T22:47:08","date_gmt":"2025-11-18T22:47:08","guid":{"rendered":"http:\/\/chloe-eje-doula.fr\/?page_id=109"},"modified":"2025-12-09T22:13:33","modified_gmt":"2025-12-09T22:13:33","slug":"qui-suis-je","status":"publish","type":"page","link":"https:\/\/chloe-eje-doula.fr\/index.php\/qui-suis-je\/","title":{"rendered":"Qui Suis-je"},"content":{"rendered":"\t\t<div data-elementor-type=\"wp-page\" data-elementor-id=\"109\" class=\"elementor elementor-109\">\n\t\t\t\t<div class=\"elementor-element elementor-element-f1022d2 e-con-full e-flex e-con e-parent\" data-id=\"f1022d2\" data-element_type=\"container\" data-e-type=\"container\" data-settings=\"{&quot;background_background&quot;:&quot;slideshow&quot;,&quot;background_slideshow_gallery&quot;:[{&quot;id&quot;:108,&quot;url&quot;:&quot;https:\\\/\\\/chloe-eje-doula.fr\\\/wp-content\\\/uploads\\\/2025\\\/11\\\/fond-Accueil-rose.png&quot;}],&quot;background_slideshow_loop&quot;:&quot;yes&quot;,&quot;background_slideshow_slide_duration&quot;:5000,&quot;background_slideshow_slide_transition&quot;:&quot;fade&quot;,&quot;background_slideshow_transition_duration&quot;:500}\">\n\t\t<div class=\"elementor-element elementor-element-afe570e e-flex e-con-boxed e-con e-child\" data-id=\"afe570e\" data-element_type=\"container\" data-e-type=\"container\">\n\t\t\t\t\t<div class=\"e-con-inner\">\n\t\t<div class=\"elementor-element elementor-element-0890511 e-con-full e-flex e-con e-child\" data-id=\"0890511\" data-element_type=\"container\" data-e-type=\"container\">\n\t\t\t\t<div class=\"elementor-element elementor-element-f8ab404 elementor-widget elementor-widget-heading\" data-id=\"f8ab404\" data-element_type=\"widget\" data-e-type=\"widget\" data-widget_type=\"heading.default\">\n\t\t\t\t\t<h3 class=\"elementor-heading-title elementor-size-default\">Je m\u2019appelle Chlo\u00e9 et mon parcours est guid\u00e9 par une conviction profonde : la p\u00e9rinatalit\u00e9 et la parentalit\u00e9 sont des voyages uniques, qui m\u00e9ritent d'\u00eatre accompagn\u00e9s avec respect et bienveillance.<\/h3>\t\t\t\t<\/div>\n\t\t\t\t<div class=\"elementor-element elementor-element-e8a0576 elementor-widget elementor-widget-image\" data-id=\"e8a0576\" data-element_type=\"widget\" data-e-type=\"widget\" data-widget_type=\"image.default\">\n\t\t\t\t\t\t\t\t\t\t\t\t\t\t\t<img fetchpriority=\"high\" decoding=\"async\" width=\"592\" height=\"748\" src=\"https:\/\/chloe-eje-doula.fr\/wp-content\/uploads\/2025\/11\/PHOTO-INSTA.png\" class=\"attachment-medium_large size-medium_large wp-image-111\" alt=\"\" srcset=\"https:\/\/chloe-eje-doula.fr\/wp-content\/uploads\/2025\/11\/PHOTO-INSTA.png 592w, https:\/\/chloe-eje-doula.fr\/wp-content\/uploads\/2025\/11\/PHOTO-INSTA-237x300.png 237w\" sizes=\"(max-width: 592px) 100vw, 592px\" \/>\t\t\t\t\t\t\t\t\t\t\t\t\t\t\t<\/div>\n\t\t\t\t<\/div>\n\t\t<div class=\"elementor-element elementor-element-6fdbf1a e-con-full e-flex e-con e-child\" data-id=\"6fdbf1a\" data-element_type=\"container\" data-e-type=\"container\">\n\t\t<div class=\"elementor-element elementor-element-e4a4b4a e-con-full e-flex e-con e-child\" data-id=\"e4a4b4a\" data-element_type=\"container\" data-e-type=\"container\">\n\t\t\t\t<div class=\"elementor-element elementor-element-78b2ece elementor-widget elementor-widget-heading\" data-id=\"78b2ece\" data-element_type=\"widget\" data-e-type=\"widget\" data-widget_type=\"heading.default\">\n\t\t\t\t\t<h4 class=\"elementor-heading-title elementor-size-default\">Mon expertise professionnelle<\/h4>\t\t\t\t<\/div>\n\t\t\t\t<div class=\"elementor-element elementor-element-b9b45d7 elementor-widget elementor-widget-text-editor\" data-id=\"b9b45d7\" data-element_type=\"widget\" data-e-type=\"widget\" data-widget_type=\"text-editor.default\">\n\t\t\t\t\t\t\t\t\t<p style=\"text-align: center;\"><span style=\"font-weight: 400;\">Depuis <\/span><b>plus de 15 ans<\/b><span style=\"font-weight: 400;\">, j&#8217;exerce en cr\u00e8che en tant qu&#8217;<\/span><b>\u00c9ducatrice de Jeunes Enfants (EJE)<\/b><span style=\"font-weight: 400;\">.<\/span><\/p><p><span style=\"font-weight: 400;\"> J&#8217;accompagne au quotidien les enfants et leurs familles, avec<\/span><span style=\"font-weight: 400;\">\u00a0au <\/span><b>centre de ma pratique l&#8217;individualit\u00e9 au sein du collectif. <\/b>D<span style=\"font-weight: 400;\">\u2019abord en lien avec les tout petits, puis dans l\u2019accueil des parents.<\/span><\/p><h5 style=\"text-align: center;\"><i><span style=\"font-weight: 400;\">\u201cComment proposer un soutien et des solutions personnalis\u00e9es,<\/span><\/i> <i><span style=\"font-weight: 400;\">en tenant compte de l&#8217;histoire, la personnalit\u00e9, les sp\u00e9cificit\u00e9s, et le cheminement de chacun ?\u201c<br \/><\/span><\/i><b><i>Je consid\u00e8re l&#8217;unicit\u00e9 de chaque \u00eatre humain comme une grande richesse.<\/i><\/b><\/h5><p style=\"text-align: center;\"><span style=\"font-weight: 400;\">C&#8217;est en observant les besoins et les questionnements des familles que j&#8217;ai choisi d&#8217;\u00e9largir mon champ d&#8217;action pour me consacrer pleinement \u00e0 l&#8217;accompagnement parental. <\/span><\/p>\t\t\t\t\t\t\t\t<\/div>\n\t\t\t\t<\/div>\n\t\t<div class=\"elementor-element elementor-element-59ed797 e-con-full e-flex e-con e-child\" data-id=\"59ed797\" data-element_type=\"container\" data-e-type=\"container\">\n\t\t\t\t<div class=\"elementor-element elementor-element-4589099 elementor-widget elementor-widget-heading\" data-id=\"4589099\" data-element_type=\"widget\" data-e-type=\"widget\" data-widget_type=\"heading.default\">\n\t\t\t\t\t<h4 class=\"elementor-heading-title elementor-size-default\">De l'EJE \u00e0 la Doula : Construire les Fondations de Votre Parentalit\u00e9<\/h4>\t\t\t\t<\/div>\n\t\t\t\t<div class=\"elementor-element elementor-element-03b0103 elementor-widget elementor-widget-text-editor\" data-id=\"03b0103\" data-element_type=\"widget\" data-e-type=\"widget\" data-widget_type=\"text-editor.default\">\n\t\t\t\t\t\t\t\t\t<p style=\"text-align: center;\"><span style=\"font-weight: 400;\">Mon parcours professionnel n&#8217;est pas un chemin \u00e0 double sens, mais une continuit\u00e9 logique.<\/span><\/p><h5 style=\"text-align: center;\"><i><span style=\"font-weight: 400;\">En tant qu&#8217;\u00c9ducatrice de Jeunes Enfants (EJE), en cr\u00e8che, j&#8217;accompagne la petite enfance, les <b>racines<\/b> de chaque \u00eatre humain. Aujourd&#8217;hui, en tant que Doula, j\u2019accompagne la p\u00e9rinatalit\u00e9, vos premiers pas de parents<\/span><\/i><b><i>.<\/i><\/b><\/h5><p style=\"text-align: center;\"><span style=\"font-weight: 400;\">La parentalit\u00e9 ne commence pas \u00e0 la naissance de l&#8217;enfant. Elle prend racine d\u00e8s le d\u00e9sir. C&#8217;est pourquoi je vous accompagne durant ce processus complet pour que vous d\u00e9marriez votre chemin de parent avec des <\/span><b>fondations solides<\/b><span style=\"font-weight: 400;\">. Je vous soutiens dans vos premiers choix, vos premi\u00e8res exp\u00e9riences, en vous remettant au centre de votre parcours.<\/span><\/p>\t\t\t\t\t\t\t\t<\/div>\n\t\t\t\t<\/div>\n\t\t\t\t<div class=\"elementor-element elementor-element-2fbc024 elementor-widget__width-auto elementor-align-center elementor-widget elementor-widget-button\" data-id=\"2fbc024\" data-element_type=\"widget\" data-e-type=\"widget\" data-widget_type=\"button.default\">\n\t\t\t\t\t\t\t\t\t\t<a class=\"elementor-button elementor-button-link elementor-size-sm\" href=\"https:\/\/chloe-eje-doula.fr\/index.php\/mes-accompagnements\/\">\n\t\t\t\t\t\t<span class=\"elementor-button-content-wrapper\">\n\t\t\t\t\t\t\t\t\t<span class=\"elementor-button-text\">D\u00e9couvrir Mes Accompagnements<\/span>\n\t\t\t\t\t<\/span>\n\t\t\t\t\t<\/a>\n\t\t\t\t\t\t\t\t<\/div>\n\t\t\t\t<\/div>\n\t\t\t\t\t<\/div>\n\t\t\t\t<\/div>\n\t\t\t\t<div class=\"elementor-element elementor-element-de4c4b5 elementor-widget-divider--view-line elementor-widget elementor-widget-divider\" data-id=\"de4c4b5\" data-element_type=\"widget\" data-e-type=\"widget\" data-widget_type=\"divider.default\">\n\t\t\t\t\t\t\t<div class=\"elementor-divider\">\n\t\t\t<span class=\"elementor-divider-separator\">\n\t\t\t\t\t\t<\/span>\n\t\t<\/div>\n\t\t\t\t\t\t<\/div>\n\t\t\t\t<\/div>\n\t\t<div class=\"elementor-element elementor-element-b3a8912 e-con-full e-flex e-con e-parent\" data-id=\"b3a8912\" data-element_type=\"container\" data-e-type=\"container\" data-settings=\"{&quot;background_background&quot;:&quot;slideshow&quot;,&quot;background_slideshow_gallery&quot;:[{&quot;id&quot;:108,&quot;url&quot;:&quot;https:\\\/\\\/chloe-eje-doula.fr\\\/wp-content\\\/uploads\\\/2025\\\/11\\\/fond-Accueil-rose.png&quot;}],&quot;background_slideshow_loop&quot;:&quot;yes&quot;,&quot;background_slideshow_slide_duration&quot;:5000,&quot;background_slideshow_slide_transition&quot;:&quot;fade&quot;,&quot;background_slideshow_transition_duration&quot;:500}\">\n\t\t<div class=\"elementor-element elementor-element-19cfc2e e-flex e-con-boxed e-con e-child\" data-id=\"19cfc2e\" data-element_type=\"container\" data-e-type=\"container\">\n\t\t\t\t\t<div class=\"e-con-inner\">\n\t\t<div class=\"elementor-element elementor-element-51682ff e-con-full e-flex e-con e-child\" data-id=\"51682ff\" data-element_type=\"container\" data-e-type=\"container\">\n\t\t\t\t<div class=\"elementor-element elementor-element-82259e5 elementor-widget elementor-widget-heading\" data-id=\"82259e5\" data-element_type=\"widget\" data-e-type=\"widget\" data-widget_type=\"heading.default\">\n\t\t\t\t\t<h4 class=\"elementor-heading-title elementor-size-default\">Mon histoire<\/h4>\t\t\t\t<\/div>\n\t\t\t\t<div class=\"elementor-element elementor-element-3fded50 elementor-widget elementor-widget-text-editor\" data-id=\"3fded50\" data-element_type=\"widget\" data-e-type=\"widget\" data-widget_type=\"text-editor.default\">\n\t\t\t\t\t\t\t\t\t<p>Je suis \u00e9galement une Maman de 3 enfants et mes trois maternit\u00e9s m&#8217;ont permis de cheminer, de me construire.<\/p><p>J\u2019aime voyager ! Nous avons fait un tour du monde en famille durant 1 an, ce qui a particip\u00e9 \u00e0 mon ouverture d\u2019esprit sur le champs des possibles pour faire famille, les principes \u00e9ducatifs et leurs lien avec la Culture, et la fa\u00e7on de donner naissance.<\/p><p>Je suis une \u00e9picurienne, je croque la vie \u00e0 pleines dents, j\u2019aime les couleurs, le soleil et la nature\u2026<\/p>\t\t\t\t\t\t\t\t<\/div>\n\t\t\t\t<\/div>\n\t\t<div class=\"elementor-element elementor-element-aa84b26 e-con-full e-flex e-con e-child\" data-id=\"aa84b26\" data-element_type=\"container\" data-e-type=\"container\">\n\t\t\t\t<div class=\"elementor-element elementor-element-a77a600 elementor-widget elementor-widget-image\" data-id=\"a77a600\" data-element_type=\"widget\" data-e-type=\"widget\" data-widget_type=\"image.default\">\n\t\t\t\t\t\t\t\t\t\t\t\t\t\t\t<img decoding=\"async\" width=\"800\" height=\"623\" src=\"https:\/\/chloe-eje-doula.fr\/wp-content\/uploads\/2025\/11\/voyage-3-1024x798.jpg\" class=\"attachment-large size-large wp-image-145\" alt=\"\" srcset=\"https:\/\/chloe-eje-doula.fr\/wp-content\/uploads\/2025\/11\/voyage-3-1024x798.jpg 1024w, https:\/\/chloe-eje-doula.fr\/wp-content\/uploads\/2025\/11\/voyage-3-300x234.jpg 300w, https:\/\/chloe-eje-doula.fr\/wp-content\/uploads\/2025\/11\/voyage-3-768x598.jpg 768w, https:\/\/chloe-eje-doula.fr\/wp-content\/uploads\/2025\/11\/voyage-3-1536x1196.jpg 1536w, https:\/\/chloe-eje-doula.fr\/wp-content\/uploads\/2025\/11\/voyage-3.jpg 1864w\" sizes=\"(max-width: 800px) 100vw, 800px\" \/>\t\t\t\t\t\t\t\t\t\t\t\t\t\t\t<\/div>\n\t\t\t\t<\/div>\n\t\t\t\t\t<\/div>\n\t\t\t\t<\/div>\n\t\t\t\t<div class=\"elementor-element elementor-element-8345c8b elementor-widget-divider--view-line elementor-widget elementor-widget-divider\" data-id=\"8345c8b\" data-element_type=\"widget\" data-e-type=\"widget\" data-widget_type=\"divider.default\">\n\t\t\t\t\t\t\t<div class=\"elementor-divider\">\n\t\t\t<span class=\"elementor-divider-separator\">\n\t\t\t\t\t\t<\/span>\n\t\t<\/div>\n\t\t\t\t\t\t<\/div>\n\t\t\t\t<\/div>\n\t\t<div class=\"elementor-element elementor-element-6b95269 e-con-full e-flex e-con e-parent\" data-id=\"6b95269\" data-element_type=\"container\" data-e-type=\"container\" data-settings=\"{&quot;background_background&quot;:&quot;slideshow&quot;,&quot;background_slideshow_gallery&quot;:[{&quot;id&quot;:108,&quot;url&quot;:&quot;https:\\\/\\\/chloe-eje-doula.fr\\\/wp-content\\\/uploads\\\/2025\\\/11\\\/fond-Accueil-rose.png&quot;}],&quot;background_slideshow_loop&quot;:&quot;yes&quot;,&quot;background_slideshow_slide_duration&quot;:5000,&quot;background_slideshow_slide_transition&quot;:&quot;fade&quot;,&quot;background_slideshow_transition_duration&quot;:500}\">\n\t\t<div class=\"elementor-element elementor-element-42765f0 e-flex e-con-boxed e-con e-child\" data-id=\"42765f0\" data-element_type=\"container\" data-e-type=\"container\">\n\t\t\t\t\t<div class=\"e-con-inner\">\n\t\t<div class=\"elementor-element elementor-element-fd786fa e-con-full e-flex e-con e-child\" data-id=\"fd786fa\" data-element_type=\"container\" data-e-type=\"container\">\n\t\t\t\t<div class=\"elementor-element elementor-element-169e4d3 elementor-widget elementor-widget-image\" data-id=\"169e4d3\" data-element_type=\"widget\" data-e-type=\"widget\" data-widget_type=\"image.default\">\n\t\t\t\t\t\t\t\t\t\t\t\t\t\t\t<img decoding=\"async\" src=\"https:\/\/chloe-eje-doula.fr\/wp-content\/uploads\/elementor\/thumbs\/bebe-scaled-ret4rfaj1dh885s59biku7q9xu6k6ucmnr2mkcyscg.jpg\" title=\"b\u00e9b\u00e9\" alt=\"b\u00e9b\u00e9\" loading=\"lazy\" \/>\t\t\t\t\t\t\t\t\t\t\t\t\t\t\t<\/div>\n\t\t\t\t<\/div>\n\t\t<div class=\"elementor-element elementor-element-2d4b4c7 e-con-full e-flex e-con e-child\" data-id=\"2d4b4c7\" data-element_type=\"container\" data-e-type=\"container\">\n\t\t\t\t<div class=\"elementor-element elementor-element-b5e0963 elementor-widget elementor-widget-heading\" data-id=\"b5e0963\" data-element_type=\"widget\" data-e-type=\"widget\" data-widget_type=\"heading.default\">\n\t\t\t\t\t<h4 class=\"elementor-heading-title elementor-size-default\">Mon Parcours professionnel et  Mon Engagement<\/h4>\t\t\t\t<\/div>\n\t\t\t\t<div class=\"elementor-element elementor-element-a6a2be8 elementor-widget elementor-widget-text-editor\" data-id=\"a6a2be8\" data-element_type=\"widget\" data-e-type=\"widget\" data-widget_type=\"text-editor.default\">\n\t\t\t\t\t\t\t\t\t<p><span style=\"font-weight: 400;\">Mon engagement est de vous offrir un accompagnement \u00e0 la fois humain et professionnel, bas\u00e9 sur des connaissances solides et actualis\u00e9es (de par mon exp\u00e9rience, mes formations, mes lectures, conf\u00e9rences, podcasts&#8230;).<\/span><\/p><ul><li style=\"font-weight: 400;\" aria-level=\"1\"><b>2009 :<\/b><span style=\"font-weight: 400;\"> Dipl\u00f4me d\u2019\u00c9tat d\u2019\u00c9ducatrice de Jeunes Enfants (EJE)<\/span><\/li><li style=\"font-weight: 400;\" aria-level=\"1\"><b>Plus de 15 ans d&#8217;Exp\u00e9rience<\/b><span style=\"font-weight: 400;\"> en Cr\u00e8che et Halte-Garderie<\/span><\/li><li style=\"font-weight: 400;\" aria-level=\"1\"><b>2025 :<\/b><span style=\"font-weight: 400;\"> Dipl\u00f4m\u00e9e <\/span><b>Doula<\/b><span style=\"font-weight: 400;\">, formation aux m\u00e9tiers de l\u2019accompagnement et du lien &#8211; <a href=\"https:\/\/centregalanthis.fr\/\">Centre Galanthis<\/a>, cursus en pr\u00e9sentiel et valid\u00e9 par <strong>Doulas de France<\/strong>.<\/span><ul><li style=\"font-weight: 400;\" aria-level=\"2\"><i><span style=\"font-weight: 400;\">Je suis signataire de <a href=\"https:\/\/doulas.info\/wp-content\/uploads\/2022\/05\/charte.pdf\">la charte de Doulas de France<\/a> et adh\u00e9rente au <a href=\"https:\/\/codedoulasfrance.fr\/wp-content\/uploads\/code-ethique-des-doulas-exercant-en-france-v20250926.pdf\">code \u00e9thique des Doulas<\/a><\/span><\/i><\/li><\/ul><\/li><\/ul><ul><li style=\"font-weight: 400;\" aria-level=\"1\"><b>Formation Continue :<\/b><ul><li style=\"font-weight: 400;\" aria-level=\"1\">Formations et conf\u00e9rences sur la parentalit\u00e9 (<em>\u201cComment \u00e9duquer un enfant\u201d<\/em> d&#8217;Isabelle Filliozat, <em>\u201cR\u00e8gles, limites, autorit\u00e9 bienveillante\u201d<\/em> de H\u00e9lo\u00efse Junier, <em>\u201cl&#8217;incroyable cerveau de votre enfant\u201d<\/em> de Catherine Gueguin&#8230;)<\/li><li style=\"font-weight: 400;\" aria-level=\"1\">Formations et conf\u00e9rences sur la p\u00e9rinatalit\u00e9 (MOOC &#8220;<em>la Sant\u00e9 Mentale P\u00e9rinatale&#8221;<\/em>, &#8220;<em>Les 1000 premiers jours&#8221;<\/em>, <em>\u201dComment soutenir avec confiance les femmes dans leur projet d&#8217;enfantement en puissance\u201d<\/em> de Malika Bonapace&#8230;)<\/li><\/ul><\/li><\/ul><ul><li style=\"font-weight: 400;\" aria-level=\"1\"><b>Accueillante en LAEP <\/b><em>(Lieu d&#8217;Accueil Enfants-Parents)<\/em><b> :<\/b><span style=\"font-weight: 400;\"> Pratique de l&#8217;accueil et l\u2019\u00e9coute active, du soutien \u00e0 la relation enfant-parent.<\/span><\/li><li aria-level=\"1\"><strong>Animatrice d\u2019ateliers parents-enfants\u00a0en centre social<\/strong>, autour de la langue des signes avec b\u00e9b\u00e9\u00a0<\/li><li style=\"font-weight: 400;\" aria-level=\"1\"><span style=\"font-weight: 400;\">&#8220;Maman cadeau&#8221; au sein de <a href=\"https:\/\/www.supermamansfrance.fr\/\">l\u2019association SUPERS MAMANS<\/a><\/span><\/li><\/ul>\t\t\t\t\t\t\t\t<\/div>\n\t\t\t\t<div class=\"elementor-element elementor-element-67f25bb elementor-widget__width-auto elementor-align-center elementor-widget elementor-widget-button\" data-id=\"67f25bb\" data-element_type=\"widget\" data-e-type=\"widget\" data-widget_type=\"button.default\">\n\t\t\t\t\t\t\t\t\t\t<a class=\"elementor-button elementor-button-link elementor-size-sm\" href=\"https:\/\/chloe-eje-doula.fr\/index.php\/mes-accompagnements\/\">\n\t\t\t\t\t\t<span class=\"elementor-button-content-wrapper\">\n\t\t\t\t\t\t\t\t\t<span class=\"elementor-button-text\">D\u00e9couvrir Mes Accompagnements<\/span>\n\t\t\t\t\t<\/span>\n\t\t\t\t\t<\/a>\n\t\t\t\t\t\t\t\t<\/div>\n\t\t\t\t<\/div>\n\t\t\t\t\t<\/div>\n\t\t\t\t<\/div>\n\t\t\t\t<\/div>\n\t\t\t\t<\/div>\n\t\t","protected":false},"excerpt":{"rendered":"<p>Je m\u2019appelle Chlo\u00e9 et mon parcours est guid\u00e9 par une conviction profonde : la p\u00e9rinatalit\u00e9 et la parentalit\u00e9 sont des voyages uniques, qui m\u00e9ritent d&#8217;\u00eatre accompagn\u00e9s avec respect et bienveillance. Mon expertise professionnelle Depuis plus de 15 ans, j&#8217;exerce en cr\u00e8che en tant qu&#8217;\u00c9ducatrice de Jeunes Enfants (EJE). J&#8217;accompagne au quotidien les enfants et leurs [&hellip;]<\/p>\n","protected":false},"author":2,"featured_media":0,"parent":0,"menu_order":0,"comment_status":"closed","ping_status":"closed","template":"","meta":{"footnotes":""},"class_list":["post-109","page","type-page","status-publish","hentry"],"_links":{"self":[{"href":"https:\/\/chloe-eje-doula.fr\/index.php\/wp-json\/wp\/v2\/pages\/109","targetHints":{"allow":["GET"]}}],"collection":[{"href":"https:\/\/chloe-eje-doula.fr\/index.php\/wp-json\/wp\/v2\/pages"}],"about":[{"href":"https:\/\/chloe-eje-doula.fr\/index.php\/wp-json\/wp\/v2\/types\/page"}],"author":[{"embeddable":true,"href":"https:\/\/chloe-eje-doula.fr\/index.php\/wp-json\/wp\/v2\/users\/2"}],"replies":[{"embeddable":true,"href":"https:\/\/chloe-eje-doula.fr\/index.php\/wp-json\/wp\/v2\/comments?post=109"}],"version-history":[{"count":76,"href":"https:\/\/chloe-eje-doula.fr\/index.php\/wp-json\/wp\/v2\/pages\/109\/revisions"}],"predecessor-version":[{"id":396,"href":"https:\/\/chloe-eje-doula.fr\/index.php\/wp-json\/wp\/v2\/pages\/109\/revisions\/396"}],"wp:attachment":[{"href":"https:\/\/chloe-eje-doula.fr\/index.php\/wp-json\/wp\/v2\/media?parent=109"}],"curies":[{"name":"wp","href":"https:\/\/api.w.org\/{rel}","templated":true}]}}